{"id":1426,"date":"2023-03-03T12:40:44","date_gmt":"2023-03-03T11:40:44","guid":{"rendered":"https:\/\/www.darcekovataska.sk\/?post_type=product&#038;p=1426"},"modified":"2024-11-03T06:03:21","modified_gmt":"2024-11-03T05:03:21","slug":"k5-set-1-4","status":"publish","type":"product","link":"https:\/\/www.darcekovataska.sk\/?product=k5-set-1-4","title":{"rendered":"K5 Set 7 (10ks)"},"content":{"rendered":"","protected":false},"excerpt":{"rendered":"<p>Balenie 10ks.<\/p>\n<p>Rozmery: 44,5 \u0161\u00edrka x 13 h\u013abka x 48 v\u00fd\u0161ka (cm)<\/p>\n<p>Charakteristika:<\/p>\n<ul>\n<li>vysokokvalitn\u00fd laminovan\u00fd papier 130 g\/m\u00b2<\/li>\n<li>estetick\u00e9 balenie<\/li>\n<li>kart\u00f3nov\u00e1 v\u00fdstuha dna ta\u0161ky a prichytenia \u0161n\u00farky<\/li>\n<li>pod \u010diarov\u00fdm k\u00f3dom na ta\u0161ke je k dispoz\u00edcii mnoho \u010fal\u0161\u00edch s\u00e1d vzorov<\/li>\n<\/ul>\n","protected":false},"featured_media":1465,"comment_status":"open","ping_status":"closed","template":"","meta":{"_mi_skip_tracking":false,"site-sidebar-layout":"default","site-content-layout":"default","ast-global-header-display":"","ast-main-header-display":"","ast-hfb-above-header-display":"","ast-hfb-below-header-display":"","ast-hfb-mobile-header-display":"","site-post-title":"","ast-breadcrumbs-content":"","ast-featured-img":"","footer-sml-layout":"","theme-transparent-header-meta":"default","adv-header-id-meta":"","stick-header-meta":"","header-above-stick-meta":"","header-main-stick-meta":"","header-below-stick-meta":""},"product_cat":[24],"product_tag":[46],"_links":{"self":[{"href":"https:\/\/www.darcekovataska.sk\/index.php?rest_route=\/wp\/v2\/product\/1426"}],"collection":[{"href":"https:\/\/www.darcekovataska.sk\/index.php?rest_route=\/wp\/v2\/product"}],"about":[{"href":"https:\/\/www.darcekovataska.sk\/index.php?rest_route=\/wp\/v2\/types\/product"}],"replies":[{"embeddable":true,"href":"https:\/\/www.darcekovataska.sk\/index.php?rest_route=%2Fwp%2Fv2%2Fcomments&post=1426"}],"version-history":[{"count":1,"href":"https:\/\/www.darcekovataska.sk\/index.php?rest_route=\/wp\/v2\/product\/1426\/revisions"}],"predecessor-version":[{"id":1429,"href":"https:\/\/www.darcekovataska.sk\/index.php?rest_route=\/wp\/v2\/product\/1426\/revisions\/1429"}],"wp:featuredmedia":[{"embeddable":true,"href":"https:\/\/www.darcekovataska.sk\/index.php?rest_route=\/wp\/v2\/media\/1465"}],"wp:attachment":[{"href":"https:\/\/www.darcekovataska.sk\/index.php?rest_route=%2Fwp%2Fv2%2Fmedia&parent=1426"}],"wp:term":[{"taxonomy":"product_cat","embeddable":true,"href":"https:\/\/www.darcekovataska.sk\/index.php?rest_route=%2Fwp%2Fv2%2Fproduct_cat&post=1426"},{"taxonomy":"product_tag","embeddable":true,"href":"https:\/\/www.darcekovataska.sk\/index.php?rest_route=%2Fwp%2Fv2%2Fproduct_tag&post=1426"}],"curies":[{"name":"wp","href":"https:\/\/api.w.org\/{rel}","templated":true}]}}