{"id":1639,"date":"2023-04-04T11:45:50","date_gmt":"2023-04-04T09:45:50","guid":{"rendered":"https:\/\/www.darcekovataska.sk\/?post_type=product&#038;p=1639"},"modified":"2023-04-04T11:45:50","modified_gmt":"2023-04-04T09:45:50","slug":"i-slunko-je-z-vychodu-8","status":"publish","type":"product","link":"https:\/\/www.darcekovataska.sk\/?product=i-slunko-je-z-vychodu-8","title":{"rendered":"Najlep\u0161ia \u0161vagrin\u00e1 na svete"},"content":{"rendered":"<p>Hrn\u010dek 330 ml.<\/p>\n<p>Rozmery: 8 \u0161\u00edrka x 9,5 v\u00fd\u0161ka (cm)<\/p>\n","protected":false},"excerpt":{"rendered":"<p>Hrn\u010dek 330 ml. Rozmery: 8 \u0161\u00edrka x 9,5 v\u00fd\u0161ka (cm)<\/p>\n","protected":false},"featured_media":1653,"comment_status":"open","ping_status":"closed","template":"","meta":{"_mi_skip_tracking":false,"site-sidebar-layout":"default","site-content-layout":"default","ast-global-header-display":"","ast-main-header-display":"","ast-hfb-above-header-display":"","ast-hfb-below-header-display":"","ast-hfb-mobile-header-display":"","site-post-title":"","ast-breadcrumbs-content":"","ast-featured-img":"","footer-sml-layout":"","theme-transparent-header-meta":"default","adv-header-id-meta":"","stick-header-meta":"","header-above-stick-meta":"","header-main-stick-meta":"","header-below-stick-meta":""},"product_cat":[51],"product_tag":[56],"_links":{"self":[{"href":"https:\/\/www.darcekovataska.sk\/index.php?rest_route=\/wp\/v2\/product\/1639"}],"collection":[{"href":"https:\/\/www.darcekovataska.sk\/index.php?rest_route=\/wp\/v2\/product"}],"about":[{"href":"https:\/\/www.darcekovataska.sk\/index.php?rest_route=\/wp\/v2\/types\/product"}],"replies":[{"embeddable":true,"href":"https:\/\/www.darcekovataska.sk\/index.php?rest_route=%2Fwp%2Fv2%2Fcomments&post=1639"}],"version-history":[{"count":1,"href":"https:\/\/www.darcekovataska.sk\/index.php?rest_route=\/wp\/v2\/product\/1639\/revisions"}],"predecessor-version":[{"id":1662,"href":"https:\/\/www.darcekovataska.sk\/index.php?rest_route=\/wp\/v2\/product\/1639\/revisions\/1662"}],"wp:featuredmedia":[{"embeddable":true,"href":"https:\/\/www.darcekovataska.sk\/index.php?rest_route=\/wp\/v2\/media\/1653"}],"wp:attachment":[{"href":"https:\/\/www.darcekovataska.sk\/index.php?rest_route=%2Fwp%2Fv2%2Fmedia&parent=1639"}],"wp:term":[{"taxonomy":"product_cat","embeddable":true,"href":"https:\/\/www.darcekovataska.sk\/index.php?rest_route=%2Fwp%2Fv2%2Fproduct_cat&post=1639"},{"taxonomy":"product_tag","embeddable":true,"href":"https:\/\/www.darcekovataska.sk\/index.php?rest_route=%2Fwp%2Fv2%2Fproduct_tag&post=1639"}],"curies":[{"name":"wp","href":"https:\/\/api.w.org\/{rel}","templated":true}]}}