{"id":1694,"date":"2023-04-04T14:35:23","date_gmt":"2023-04-04T12:35:23","guid":{"rendered":"https:\/\/www.darcekovataska.sk\/?post_type=product&#038;p=1694"},"modified":"2023-05-04T11:59:51","modified_gmt":"2023-05-04T09:59:51","slug":"k-narodeninam-60","status":"publish","type":"product","link":"https:\/\/www.darcekovataska.sk\/?product=k-narodeninam-60","title":{"rendered":"k narodenin\u00e1m 60"},"content":{"rendered":"","protected":false},"excerpt":{"rendered":"<p>Rozmery: 26 \u0161\u00edrka x 1 h\u013abka x 43 v\u00fd\u0161ka (cm)<\/p>\n<p>Charakteristika:<\/p>\n<ul>\n<li>vysokokvalitn\u00e1 preglejka<\/li>\n<li>dod\u00e1van\u00e9 so \u0161n\u00farkou na zavesenie<\/li>\n<\/ul>\n","protected":false},"featured_media":1684,"comment_status":"open","ping_status":"closed","template":"","meta":{"_mi_skip_tracking":false,"site-sidebar-layout":"default","site-content-layout":"default","ast-global-header-display":"","ast-main-header-display":"","ast-hfb-above-header-display":"","ast-hfb-below-header-display":"","ast-hfb-mobile-header-display":"","site-post-title":"","ast-breadcrumbs-content":"","ast-featured-img":"","footer-sml-layout":"","theme-transparent-header-meta":"default","adv-header-id-meta":"","stick-header-meta":"","header-above-stick-meta":"","header-main-stick-meta":"","header-below-stick-meta":""},"product_cat":[57],"product_tag":[54],"_links":{"self":[{"href":"https:\/\/www.darcekovataska.sk\/index.php?rest_route=\/wp\/v2\/product\/1694"}],"collection":[{"href":"https:\/\/www.darcekovataska.sk\/index.php?rest_route=\/wp\/v2\/product"}],"about":[{"href":"https:\/\/www.darcekovataska.sk\/index.php?rest_route=\/wp\/v2\/types\/product"}],"replies":[{"embeddable":true,"href":"https:\/\/www.darcekovataska.sk\/index.php?rest_route=%2Fwp%2Fv2%2Fcomments&post=1694"}],"version-history":[{"count":1,"href":"https:\/\/www.darcekovataska.sk\/index.php?rest_route=\/wp\/v2\/product\/1694\/revisions"}],"predecessor-version":[{"id":1699,"href":"https:\/\/www.darcekovataska.sk\/index.php?rest_route=\/wp\/v2\/product\/1694\/revisions\/1699"}],"wp:featuredmedia":[{"embeddable":true,"href":"https:\/\/www.darcekovataska.sk\/index.php?rest_route=\/wp\/v2\/media\/1684"}],"wp:attachment":[{"href":"https:\/\/www.darcekovataska.sk\/index.php?rest_route=%2Fwp%2Fv2%2Fmedia&parent=1694"}],"wp:term":[{"taxonomy":"product_cat","embeddable":true,"href":"https:\/\/www.darcekovataska.sk\/index.php?rest_route=%2Fwp%2Fv2%2Fproduct_cat&post=1694"},{"taxonomy":"product_tag","embeddable":true,"href":"https:\/\/www.darcekovataska.sk\/index.php?rest_route=%2Fwp%2Fv2%2Fproduct_tag&post=1694"}],"curies":[{"name":"wp","href":"https:\/\/api.w.org\/{rel}","templated":true}]}}