{"id":1711,"date":"2023-04-05T12:48:40","date_gmt":"2023-04-05T10:48:40","guid":{"rendered":"https:\/\/www.darcekovataska.sk\/?post_type=product&#038;p=1711"},"modified":"2023-04-05T13:57:01","modified_gmt":"2023-04-05T11:57:01","slug":"k7-set-1-10ks-2-2","status":"publish","type":"product","link":"https:\/\/www.darcekovataska.sk\/?product=k7-set-1-10ks-2-2","title":{"rendered":"XL Set 15"},"content":{"rendered":"","protected":false},"excerpt":{"rendered":"<p>Balenie 10ks.<\/p>\n<p>Rozmery: 30 \u0161\u00edrka x 13 h\u013abka x 36 v\u00fd\u0161ka (cm)<\/p>\n<p>Charakteristika:<\/p>\n<ul>\n<li>vysokokvalitn\u00fd laminovan\u00fd kriedov\u00fd papier 130 g\/m\u00b2<\/li>\n<li>estetick\u00e9 balenie<\/li>\n<li>kart\u00f3nov\u00e1 v\u00fdstuha dna ta\u0161ky a prichytenia \u0161n\u00farky<\/li>\n<li>pod \u010diarov\u00fdm k\u00f3dom na ta\u0161ke je k dispoz\u00edcii mnoho \u010fal\u0161\u00edch s\u00e1d vzorov<\/li>\n<\/ul>\n","protected":false},"featured_media":1725,"comment_status":"open","ping_status":"closed","template":"","meta":{"_mi_skip_tracking":false,"site-sidebar-layout":"default","site-content-layout":"default","ast-global-header-display":"","ast-main-header-display":"","ast-hfb-above-header-display":"","ast-hfb-below-header-display":"","ast-hfb-mobile-header-display":"","site-post-title":"","ast-breadcrumbs-content":"","ast-featured-img":"","footer-sml-layout":"","theme-transparent-header-meta":"default","adv-header-id-meta":"","stick-header-meta":"","header-above-stick-meta":"","header-main-stick-meta":"","header-below-stick-meta":""},"product_cat":[24],"product_tag":[49],"_links":{"self":[{"href":"https:\/\/www.darcekovataska.sk\/index.php?rest_route=\/wp\/v2\/product\/1711"}],"collection":[{"href":"https:\/\/www.darcekovataska.sk\/index.php?rest_route=\/wp\/v2\/product"}],"about":[{"href":"https:\/\/www.darcekovataska.sk\/index.php?rest_route=\/wp\/v2\/types\/product"}],"replies":[{"embeddable":true,"href":"https:\/\/www.darcekovataska.sk\/index.php?rest_route=%2Fwp%2Fv2%2Fcomments&post=1711"}],"version-history":[{"count":1,"href":"https:\/\/www.darcekovataska.sk\/index.php?rest_route=\/wp\/v2\/product\/1711\/revisions"}],"predecessor-version":[{"id":1716,"href":"https:\/\/www.darcekovataska.sk\/index.php?rest_route=\/wp\/v2\/product\/1711\/revisions\/1716"}],"wp:featuredmedia":[{"embeddable":true,"href":"https:\/\/www.darcekovataska.sk\/index.php?rest_route=\/wp\/v2\/media\/1725"}],"wp:attachment":[{"href":"https:\/\/www.darcekovataska.sk\/index.php?rest_route=%2Fwp%2Fv2%2Fmedia&parent=1711"}],"wp:term":[{"taxonomy":"product_cat","embeddable":true,"href":"https:\/\/www.darcekovataska.sk\/index.php?rest_route=%2Fwp%2Fv2%2Fproduct_cat&post=1711"},{"taxonomy":"product_tag","embeddable":true,"href":"https:\/\/www.darcekovataska.sk\/index.php?rest_route=%2Fwp%2Fv2%2Fproduct_tag&post=1711"}],"curies":[{"name":"wp","href":"https:\/\/api.w.org\/{rel}","templated":true}]}}